{"id":3,"date":"2022-05-06T16:47:24","date_gmt":"2022-05-06T16:47:24","guid":{"rendered":"https:\/\/rosen-testing.senate.gov\/?page_id=3"},"modified":"2026-03-30T17:28:30","modified_gmt":"2026-03-30T17:28:30","slug":"privacy-policy","status":"publish","type":"page","link":"https:\/\/www.rosen.senate.gov\/es\/privacy-policy\/","title":{"rendered":"Pol\u00edtica de privacidad"},"content":{"rendered":"<p>Gracias por visitar el sitio web del Senador Jacky Rosen. Proteger la privacidad personal de las personas que usan Internet es importante para la Senadora Rosen. Aqu\u00ed puede leer sobre las pol\u00edticas vigentes para salvaguardar la privacidad de las personas que visitan este sitio web.<\/p>\n\n\n\n<h3 class=\"wp-block-heading\"><strong>Informacion personal<\/strong><\/h3>\n\n\n\n<p>El sitio web del Senador Rosen almacena cierta informaci\u00f3n sobre su visita con fines de seguridad y administraci\u00f3n del sitio. La informaci\u00f3n en el formulario de contacto se usar\u00e1 para responderle sobre el asunto sobre el cual expres\u00f3 sus puntos de vista, o para brindarle asistencia de trabajo de caso con respecto a los problemas que pueda estar experimentando con una agencia del gobierno federal. Esta informaci\u00f3n estar\u00e1 disponible para los miembros del personal de la Senadora Rosen para que puedan ayudar a responder a su mensaje o solicitud.<\/p>\n\n\n\n<p>Senator Rosen\u2019s staff tabulates comments received through this website concerning legislation and government policy issues. Occasionally there is a comment made by a constituent or a situation described by a constituent that makes a point of such general interest that Senator Rosen may refer to it in a speech, include it in the Congressional Record, or make some other use of it, either in connection with debate in the Senate or by sharing it with the relevant government agency. Senator Rosen&#8217;s staff makes every effort in such cases to contact the author first, and no personally identifying information will be shared. If you intend your message to be confidential and would prefer that it not be used in such a way, please feel free to include your preference in the message so the staff can respect your wishes and see that your views are held entirely within her office.<\/p>\n\n\n\n<h3 class=\"wp-block-heading\"><strong>Asistencia de agencias federales<\/strong><\/h3>\n\n\n\n<p>If you are seeking help with a federal agency, Senator Rosen\u2019s office may request a signed Request for Assistance\/Privacy Release form from you. Once we are in receipt of your form, Senator Rosen\u2019s staff may share the information you have provided.&nbsp; Senator Rosen\u2019s office will not share nonpublic information submitted to it with persons outside the Senate, other than to address constituent casework at your request, or in connection with a legal proceeding or potential investigation, or if the communications are potentially unlawful, or suggest a risk to health or safety.<\/p>\n\n\n\n<h3 class=\"wp-block-heading\"><strong>Senado.gov<\/strong><\/h3>\n\n\n\n<p>Para permitir que el Senado de los EE. UU. haga que sus sitios web sean m\u00e1s \u00fatiles para los visitantes, el Senado recopila cierta informaci\u00f3n del usuario y la almacena autom\u00e1ticamente. Si desea leer la pol\u00edtica de privacidad completa del Senado, puede encontrarla <a href=\"https:\/\/www.senate.gov\/pagelayout\/general\/one_item_and_teasers\/privacy.htm\">aqu\u00ed<\/a>.<\/p>\n\n\n\n<h3 class=\"wp-block-heading\"><strong>Enlaces a otros sitios<\/strong><\/h3>\n\n\n\n<p>El sitio web de la Senadora Rosen tiene enlaces a otros sitios \u00fatiles en Internet, incluidos sitios de otras agencias gubernamentales y sitios relacionados con Nevada. Cuando abandone el sitio web del Senador Rosen, deber\u00e1 consultar la pol\u00edtica de privacidad del sitio que est\u00e1 visitando.<\/p>","protected":false},"excerpt":{"rendered":"<p>Thank you for visiting Senator Jacky Rosen\u2019s website. Protecting the personal privacy of individuals who use the Internet is important to Senator Rosen. Here you can read about the policies in place to safeguard the privacy of individuals who visit this website. Personal Information Senator Rosen\u2019s website stores certain information about your visit for site [&hellip;]<\/p>","protected":false},"author":1,"featured_media":5416,"parent":0,"menu_order":0,"comment_status":"closed","ping_status":"open","template":"","meta":{"_acf_changed":false,"footnotes":""},"class_list":["post-3","page","type-page","status-publish","has-post-thumbnail","hentry"],"acf":[],"yoast_head":"<!-- This site is optimized with the Yoast SEO plugin v24.9 - https:\/\/yoast.com\/wordpress\/plugins\/seo\/ -->\n<title>Privacy Policy - Jacky Rosen<\/title>\n<meta name=\"robots\" content=\"index, follow, max-snippet:-1, max-image-preview:large, max-video-preview:-1\" \/>\n<link rel=\"canonical\" href=\"https:\/\/www.rosen.senate.gov\/es\/privacy-policy\/\" \/>\n<meta property=\"og:locale\" content=\"es_ES\" \/>\n<meta property=\"og:type\" content=\"article\" \/>\n<meta property=\"og:title\" content=\"Privacy Policy - Jacky Rosen\" \/>\n<meta property=\"og:description\" content=\"Thank you for visiting Senator Jacky Rosen\u2019s website. Protecting the personal privacy of individuals who use the Internet is important to Senator Rosen. Here you can read about the policies in place to safeguard the privacy of individuals who visit this website. Personal Information Senator Rosen\u2019s website stores certain information about your visit for site [&hellip;]\" \/>\n<meta property=\"og:url\" content=\"https:\/\/www.rosen.senate.gov\/es\/privacy-policy\/\" \/>\n<meta property=\"og:site_name\" content=\"Jacky Rosen\" \/>\n<meta property=\"article:modified_time\" content=\"2026-03-30T17:28:30+00:00\" \/>\n<meta property=\"og:image\" content=\"https:\/\/www.rosen.senate.gov\/wp-content\/uploads\/2022\/08\/AdobeStock_312597732-scaled.jpeg\" \/>\n\t<meta property=\"og:image:width\" content=\"2560\" \/>\n\t<meta property=\"og:image:height\" content=\"1398\" \/>\n\t<meta property=\"og:image:type\" content=\"image\/jpeg\" \/>\n<meta name=\"twitter:card\" content=\"summary_large_image\" \/>\n<meta name=\"twitter:label1\" content=\"Est. reading time\" \/>\n\t<meta name=\"twitter:data1\" content=\"3 minutes\" \/>\n<script type=\"application\/ld+json\" class=\"yoast-schema-graph\">{\"@context\":\"https:\/\/schema.org\",\"@graph\":[{\"@type\":\"WebPage\",\"@id\":\"https:\/\/www.rosen.senate.gov\/privacy-policy\/\",\"url\":\"https:\/\/www.rosen.senate.gov\/privacy-policy\/\",\"name\":\"Privacy Policy - Jacky Rosen\",\"isPartOf\":{\"@id\":\"https:\/\/www.rosen.senate.gov\/#website\"},\"primaryImageOfPage\":{\"@id\":\"https:\/\/www.rosen.senate.gov\/privacy-policy\/#primaryimage\"},\"image\":{\"@id\":\"https:\/\/www.rosen.senate.gov\/privacy-policy\/#primaryimage\"},\"thumbnailUrl\":\"https:\/\/www.rosen.senate.gov\/wp-content\/uploads\/2022\/08\/AdobeStock_312597732-scaled.jpeg\",\"datePublished\":\"2022-05-06T16:47:24+00:00\",\"dateModified\":\"2026-03-30T17:28:30+00:00\",\"breadcrumb\":{\"@id\":\"https:\/\/www.rosen.senate.gov\/privacy-policy\/#breadcrumb\"},\"inLanguage\":\"es-ES\",\"potentialAction\":[{\"@type\":\"ReadAction\",\"target\":[\"https:\/\/www.rosen.senate.gov\/privacy-policy\/\"]}]},{\"@type\":\"ImageObject\",\"inLanguage\":\"es-ES\",\"@id\":\"https:\/\/www.rosen.senate.gov\/privacy-policy\/#primaryimage\",\"url\":\"https:\/\/www.rosen.senate.gov\/wp-content\/uploads\/2022\/08\/AdobeStock_312597732-scaled.jpeg\",\"contentUrl\":\"https:\/\/www.rosen.senate.gov\/wp-content\/uploads\/2022\/08\/AdobeStock_312597732-scaled.jpeg\",\"width\":2560,\"height\":1398},{\"@type\":\"BreadcrumbList\",\"@id\":\"https:\/\/www.rosen.senate.gov\/privacy-policy\/#breadcrumb\",\"itemListElement\":[{\"@type\":\"ListItem\",\"position\":1,\"name\":\"Home\",\"item\":\"https:\/\/www.rosen.senate.gov\/\"},{\"@type\":\"ListItem\",\"position\":2,\"name\":\"Privacy Policy\"}]},{\"@type\":\"WebSite\",\"@id\":\"https:\/\/www.rosen.senate.gov\/#website\",\"url\":\"https:\/\/www.rosen.senate.gov\/\",\"name\":\"Jacky Rosen\",\"description\":\"Senator for Nevada\",\"publisher\":{\"@id\":\"https:\/\/www.rosen.senate.gov\/#organization\"},\"potentialAction\":[{\"@type\":\"SearchAction\",\"target\":{\"@type\":\"EntryPoint\",\"urlTemplate\":\"https:\/\/www.rosen.senate.gov\/?s={search_term_string}\"},\"query-input\":{\"@type\":\"PropertyValueSpecification\",\"valueRequired\":true,\"valueName\":\"search_term_string\"}}],\"inLanguage\":\"es-ES\"},{\"@type\":\"Organization\",\"@id\":\"https:\/\/www.rosen.senate.gov\/#organization\",\"name\":\"United States Senate\",\"url\":\"https:\/\/www.rosen.senate.gov\/\",\"logo\":{\"@type\":\"ImageObject\",\"inLanguage\":\"es-ES\",\"@id\":\"https:\/\/www.rosen.senate.gov\/#\/schema\/logo\/image\/\",\"url\":\"https:\/\/www.rosen.senate.gov\/wp-content\/uploads\/2022\/05\/logo-large.png\",\"contentUrl\":\"https:\/\/www.rosen.senate.gov\/wp-content\/uploads\/2022\/05\/logo-large.png\",\"width\":631,\"height\":287,\"caption\":\"United States Senate\"},\"image\":{\"@id\":\"https:\/\/www.rosen.senate.gov\/#\/schema\/logo\/image\/\"}}]}<\/script>\n<!-- \/ Yoast SEO plugin. -->","yoast_head_json":{"title":"Privacy Policy - Jacky Rosen","robots":{"index":"index","follow":"follow","max-snippet":"max-snippet:-1","max-image-preview":"max-image-preview:large","max-video-preview":"max-video-preview:-1"},"canonical":"https:\/\/www.rosen.senate.gov\/es\/privacy-policy\/","og_locale":"es_ES","og_type":"article","og_title":"Privacy Policy - Jacky Rosen","og_description":"Thank you for visiting Senator Jacky Rosen\u2019s website. Protecting the personal privacy of individuals who use the Internet is important to Senator Rosen. Here you can read about the policies in place to safeguard the privacy of individuals who visit this website. Personal Information Senator Rosen\u2019s website stores certain information about your visit for site [&hellip;]","og_url":"https:\/\/www.rosen.senate.gov\/es\/privacy-policy\/","og_site_name":"Jacky Rosen","article_modified_time":"2026-03-30T17:28:30+00:00","og_image":[{"width":2560,"height":1398,"url":"https:\/\/www.rosen.senate.gov\/wp-content\/uploads\/2022\/08\/AdobeStock_312597732-scaled.jpeg","type":"image\/jpeg"}],"twitter_card":"summary_large_image","twitter_misc":{"Est. reading time":"3 minutes"},"schema":{"@context":"https:\/\/schema.org","@graph":[{"@type":"WebPage","@id":"https:\/\/www.rosen.senate.gov\/privacy-policy\/","url":"https:\/\/www.rosen.senate.gov\/privacy-policy\/","name":"Privacy Policy - Jacky Rosen","isPartOf":{"@id":"https:\/\/www.rosen.senate.gov\/#website"},"primaryImageOfPage":{"@id":"https:\/\/www.rosen.senate.gov\/privacy-policy\/#primaryimage"},"image":{"@id":"https:\/\/www.rosen.senate.gov\/privacy-policy\/#primaryimage"},"thumbnailUrl":"https:\/\/www.rosen.senate.gov\/wp-content\/uploads\/2022\/08\/AdobeStock_312597732-scaled.jpeg","datePublished":"2022-05-06T16:47:24+00:00","dateModified":"2026-03-30T17:28:30+00:00","breadcrumb":{"@id":"https:\/\/www.rosen.senate.gov\/privacy-policy\/#breadcrumb"},"inLanguage":"es-ES","potentialAction":[{"@type":"ReadAction","target":["https:\/\/www.rosen.senate.gov\/privacy-policy\/"]}]},{"@type":"ImageObject","inLanguage":"es-ES","@id":"https:\/\/www.rosen.senate.gov\/privacy-policy\/#primaryimage","url":"https:\/\/www.rosen.senate.gov\/wp-content\/uploads\/2022\/08\/AdobeStock_312597732-scaled.jpeg","contentUrl":"https:\/\/www.rosen.senate.gov\/wp-content\/uploads\/2022\/08\/AdobeStock_312597732-scaled.jpeg","width":2560,"height":1398},{"@type":"BreadcrumbList","@id":"https:\/\/www.rosen.senate.gov\/privacy-policy\/#breadcrumb","itemListElement":[{"@type":"ListItem","position":1,"name":"Home","item":"https:\/\/www.rosen.senate.gov\/"},{"@type":"ListItem","position":2,"name":"Privacy Policy"}]},{"@type":"WebSite","@id":"https:\/\/www.rosen.senate.gov\/#website","url":"https:\/\/www.rosen.senate.gov\/","name":"Jacky Rosen","description":"Senator for Nevada","publisher":{"@id":"https:\/\/www.rosen.senate.gov\/#organization"},"potentialAction":[{"@type":"SearchAction","target":{"@type":"EntryPoint","urlTemplate":"https:\/\/www.rosen.senate.gov\/?s={search_term_string}"},"query-input":{"@type":"PropertyValueSpecification","valueRequired":true,"valueName":"search_term_string"}}],"inLanguage":"es-ES"},{"@type":"Organization","@id":"https:\/\/www.rosen.senate.gov\/#organization","name":"United States Senate","url":"https:\/\/www.rosen.senate.gov\/","logo":{"@type":"ImageObject","inLanguage":"es-ES","@id":"https:\/\/www.rosen.senate.gov\/#\/schema\/logo\/image\/","url":"https:\/\/www.rosen.senate.gov\/wp-content\/uploads\/2022\/05\/logo-large.png","contentUrl":"https:\/\/www.rosen.senate.gov\/wp-content\/uploads\/2022\/05\/logo-large.png","width":631,"height":287,"caption":"United States Senate"},"image":{"@id":"https:\/\/www.rosen.senate.gov\/#\/schema\/logo\/image\/"}}]}},"_links":{"self":[{"href":"https:\/\/www.rosen.senate.gov\/es\/wp-json\/wp\/v2\/pages\/3","targetHints":{"allow":["GET"]}}],"collection":[{"href":"https:\/\/www.rosen.senate.gov\/es\/wp-json\/wp\/v2\/pages"}],"about":[{"href":"https:\/\/www.rosen.senate.gov\/es\/wp-json\/wp\/v2\/types\/page"}],"author":[{"embeddable":true,"href":"https:\/\/www.rosen.senate.gov\/es\/wp-json\/wp\/v2\/users\/1"}],"replies":[{"embeddable":true,"href":"https:\/\/www.rosen.senate.gov\/es\/wp-json\/wp\/v2\/comments?post=3"}],"version-history":[{"count":5,"href":"https:\/\/www.rosen.senate.gov\/es\/wp-json\/wp\/v2\/pages\/3\/revisions"}],"predecessor-version":[{"id":17252,"href":"https:\/\/www.rosen.senate.gov\/es\/wp-json\/wp\/v2\/pages\/3\/revisions\/17252"}],"wp:featuredmedia":[{"embeddable":true,"href":"https:\/\/www.rosen.senate.gov\/es\/wp-json\/wp\/v2\/media\/5416"}],"wp:attachment":[{"href":"https:\/\/www.rosen.senate.gov\/es\/wp-json\/wp\/v2\/media?parent=3"}],"curies":[{"name":"wp","href":"https:\/\/api.w.org\/{rel}","templated":true}]}}