{"id":366,"date":"2022-06-30T20:20:14","date_gmt":"2022-06-30T20:20:14","guid":{"rendered":"https:\/\/rosen-testing.senate.gov\/?page_id=366"},"modified":"2026-04-03T17:37:08","modified_gmt":"2026-04-03T17:37:08","slug":"help-with-a-federal-agency","status":"publish","type":"page","link":"https:\/\/www.rosen.senate.gov\/es\/services\/help-with-a-federal-agency\/","title":{"rendered":"Ayuda con una agencia federal"},"content":{"rendered":"<div data-elementor-type=\"wp-page\" data-elementor-id=\"366\" class=\"elementor elementor-366\" data-elementor-post-type=\"page\">\n\t\t\t\t\t\t<section class=\"elementor-section elementor-top-section elementor-element elementor-element-195dbaf2 elementor-section-boxed elementor-section-height-default elementor-section-height-default\" data-id=\"195dbaf2\" data-element_type=\"section\">\n\t\t\t\t\t\t<div class=\"elementor-container elementor-column-gap-default\">\n\t\t\t\t\t<div class=\"elementor-column elementor-col-100 elementor-top-column elementor-element elementor-element-2f3d889b\" data-id=\"2f3d889b\" data-element_type=\"column\">\n\t\t\t<div class=\"elementor-widget-wrap elementor-element-populated\">\n\t\t\t\t\t\t<div class=\"elementor-element elementor-element-3b75e9d1 elementor-widget elementor-widget-text-editor\" data-id=\"3b75e9d1\" data-element_type=\"widget\" data-widget_type=\"text-editor.default\">\n\t\t\t\t<div class=\"elementor-widget-container\">\n\t\t\t\t\t\t\t\t\t<p>One of Senator&nbsp;Rosen\u2019s most important responsibilities as a United States Senator is assisting Nevada residents with navigating federal agencies and identifying federal resources. Senator&nbsp;Rosen&nbsp;can help individuals seeking assistance from the federal government on a variety of matters, including veterans\u2019 benefits, Social Security, and citizenship.<\/p>\n<p>If you have a time-sensitive matter, please <a href=\"https:\/\/www.rosen.senate.gov\/es\/office-locations\/\">p\u00f3ngase en contacto con mi oficina<\/a> para obtener asistencia inmediata.<\/p>\n<p><!-- \/wp:paragraph --><!-- wp:paragraph --><\/p>\n<p>Antes de que podamos ayudarle, la Ley de Privacidad exige que primero usted presente una autorizaci\u00f3n por escrito. Si tiene alguna pregunta sobre los formularios de autorizacio\u0301n de privacidad, no dude en ponerse <a href=\"https:\/\/www.rosen.senate.gov\/es\/office-locations\/\" target=\"_blank\" rel=\"noopener\">p\u00f3ngase en contacto con mi oficina<\/a>.<\/p>\n<p><!-- \/wp:paragraph --><!-- wp:paragraph --><\/p>\n<p><b>In order to open a case with our office, you must complete a privacy release form.&nbsp;<\/b><\/p><p><span style=\"font-size: inherit;\">If your case is <b>not immigration related<\/b>,&nbsp;<\/span>click to complete a digital privacy release form, which can be accessed in <a href=\"https:\/\/outreach.senate.gov\/iqextranet\/EForm.aspx?__cid=SenRosen&amp;__fid=100019\" style=\"\"><b>ingl\u00e9s<\/b><\/a> o <a href=\"https:\/\/outreach.senate.gov\/iqextranet\/EForm.aspx?__cid=SenRosen&amp;__fid=100022\" style=\"\"><b>espa\u00f1ol<\/b><\/a>.<\/p>\n<p>If your case <b>is immigration related<\/b>, or if you would rather complete a paper copy of the privacy release form, please complete the following steps:<\/p>\n<p><!-- \/wp:paragraph --><!-- wp:list {\"ordered\":true} --><\/p>\n<ol>\n<li><a href=\"https:\/\/www.rosen.senate.gov\/wp-content\/uploads\/2026\/04\/Immigration-Privacy-Release-Form-4.3.26.pdf\" target=\"_blank\" rel=\"noreferrer noopener\"><strong>Para asuntos de inmigraci\u00f3n<\/strong>, complete e imprima este <strong>forma<\/strong>.<\/a><\/li>\n<li><a href=\"https:\/\/www.rosen.senate.gov\/wp-content\/uploads\/2025\/01\/General-Privacy-Release-Form-1.27.25.pdf\" target=\"_blank\" rel=\"noreferrer noopener\"><strong>Para todos los dem\u00e1s asuntos<\/strong>, complete e imprima <strong>esta forma<\/strong>.<\/a><\/li>\n<li>Revise el formulario para asegurarse de que todos los datos sean correctos y luego firme el formulario.<\/li>\n<li>Incluya cualquier otro documento o material que usted crea que ayudara\u0301 a nuestra oficina a ayudarle.<\/li>\n<li>Env\u00edelo por correo, correo electr\u00f3nico, fax o entr\u00e9guelo personalmente a la direcci\u00f3n que se muestra en el formulario.<\/li>\n<\/ol>\n<p><!-- \/wp:list --><!-- wp:buttons {\"layout\":{\"type\":\"flex\",\"justifyContent\":\"center\"}} --><\/p>\n<div><!-- wp:button --><!-- \/wp:button --><\/div>\n<p><!-- \/wp:buttons --><\/p>\t\t\t\t\t\t\t\t<\/div>\n\t\t\t\t<\/div>\n\t\t\t\t<div class=\"elementor-element elementor-element-04111e7 elementor-align-center elementor-widget elementor-widget-button\" data-id=\"04111e7\" data-element_type=\"widget\" data-widget_type=\"button.default\">\n\t\t\t\t<div class=\"elementor-widget-container\">\n\t\t\t\t\t\t\t\t\t<div class=\"elementor-button-wrapper\">\n\t\t\t\t\t<a class=\"elementor-button elementor-button-link elementor-size-xl\" href=\"https:\/\/www.rosen.senate.gov\/es\/casework-success-stories\/\">\n\t\t\t\t\t\t<span class=\"elementor-button-content-wrapper\">\n\t\t\t\t\t\t\t\t\t<span class=\"elementor-button-text\">Nuestras historias de \u00e9xito de trabajo de casos<\/span>\n\t\t\t\t\t<\/span>\n\t\t\t\t\t<\/a>\n\t\t\t\t<\/div>\n\t\t\t\t\t\t\t\t<\/div>\n\t\t\t\t<\/div>\n\t\t\t\t\t<\/div>\n\t\t<\/div>\n\t\t\t\t\t<\/div>\n\t\t<\/section>\n\t\t\t\t<\/div>","protected":false},"excerpt":{"rendered":"<p>One of Senator&nbsp;Rosen\u2019s most important responsibilities as a United States Senator is assisting Nevada residents with navigating federal agencies and identifying federal resources. Senator&nbsp;Rosen&nbsp;can help individuals seeking assistance from the federal government on a variety of matters, including veterans\u2019 benefits, Social Security, and citizenship. If you have a time-sensitive matter, please contact my office for [&hellip;]<\/p>","protected":false},"author":1,"featured_media":0,"parent":292,"menu_order":0,"comment_status":"closed","ping_status":"closed","template":"","meta":{"_acf_changed":false,"footnotes":""},"class_list":["post-366","page","type-page","status-publish","hentry"],"acf":[],"yoast_head":"<!-- This site is optimized with the Yoast SEO plugin v24.9 - https:\/\/yoast.com\/wordpress\/plugins\/seo\/ -->\n<title>Help with a Federal Agency - Jacky Rosen<\/title>\n<meta name=\"robots\" content=\"index, follow, max-snippet:-1, max-image-preview:large, max-video-preview:-1\" \/>\n<link rel=\"canonical\" href=\"https:\/\/www.rosen.senate.gov\/es\/services\/help-with-a-federal-agency\/\" \/>\n<meta property=\"og:locale\" content=\"es_ES\" \/>\n<meta property=\"og:type\" content=\"article\" \/>\n<meta property=\"og:title\" content=\"Help with a Federal Agency - Jacky Rosen\" \/>\n<meta property=\"og:description\" content=\"One of Senator&nbsp;Rosen\u2019s most important responsibilities as a United States Senator is assisting Nevada residents with navigating federal agencies and identifying federal resources. Senator&nbsp;Rosen&nbsp;can help individuals seeking assistance from the federal government on a variety of matters, including veterans\u2019 benefits, Social Security, and citizenship. If you have a time-sensitive matter, please contact my office for [&hellip;]\" \/>\n<meta property=\"og:url\" content=\"https:\/\/www.rosen.senate.gov\/es\/services\/help-with-a-federal-agency\/\" \/>\n<meta property=\"og:site_name\" content=\"Jacky Rosen\" \/>\n<meta property=\"article:modified_time\" content=\"2026-04-03T17:37:08+00:00\" \/>\n<meta name=\"twitter:card\" content=\"summary_large_image\" \/>\n<meta name=\"twitter:label1\" content=\"Est. reading time\" \/>\n\t<meta name=\"twitter:data1\" content=\"1 minute\" \/>\n<script type=\"application\/ld+json\" class=\"yoast-schema-graph\">{\"@context\":\"https:\/\/schema.org\",\"@graph\":[{\"@type\":\"WebPage\",\"@id\":\"https:\/\/www.rosen.senate.gov\/services\/help-with-a-federal-agency\/\",\"url\":\"https:\/\/www.rosen.senate.gov\/services\/help-with-a-federal-agency\/\",\"name\":\"Help with a Federal Agency - Jacky Rosen\",\"isPartOf\":{\"@id\":\"https:\/\/www.rosen.senate.gov\/#website\"},\"datePublished\":\"2022-06-30T20:20:14+00:00\",\"dateModified\":\"2026-04-03T17:37:08+00:00\",\"breadcrumb\":{\"@id\":\"https:\/\/www.rosen.senate.gov\/services\/help-with-a-federal-agency\/#breadcrumb\"},\"inLanguage\":\"es-ES\",\"potentialAction\":[{\"@type\":\"ReadAction\",\"target\":[\"https:\/\/www.rosen.senate.gov\/services\/help-with-a-federal-agency\/\"]}]},{\"@type\":\"BreadcrumbList\",\"@id\":\"https:\/\/www.rosen.senate.gov\/services\/help-with-a-federal-agency\/#breadcrumb\",\"itemListElement\":[{\"@type\":\"ListItem\",\"position\":1,\"name\":\"Home\",\"item\":\"https:\/\/www.rosen.senate.gov\/\"},{\"@type\":\"ListItem\",\"position\":2,\"name\":\"Services\",\"item\":\"https:\/\/www.rosen.senate.gov\/services\/\"},{\"@type\":\"ListItem\",\"position\":3,\"name\":\"Help with a Federal Agency\"}]},{\"@type\":\"WebSite\",\"@id\":\"https:\/\/www.rosen.senate.gov\/#website\",\"url\":\"https:\/\/www.rosen.senate.gov\/\",\"name\":\"Jacky Rosen\",\"description\":\"Senator for Nevada\",\"publisher\":{\"@id\":\"https:\/\/www.rosen.senate.gov\/#organization\"},\"potentialAction\":[{\"@type\":\"SearchAction\",\"target\":{\"@type\":\"EntryPoint\",\"urlTemplate\":\"https:\/\/www.rosen.senate.gov\/?s={search_term_string}\"},\"query-input\":{\"@type\":\"PropertyValueSpecification\",\"valueRequired\":true,\"valueName\":\"search_term_string\"}}],\"inLanguage\":\"es-ES\"},{\"@type\":\"Organization\",\"@id\":\"https:\/\/www.rosen.senate.gov\/#organization\",\"name\":\"United States Senate\",\"url\":\"https:\/\/www.rosen.senate.gov\/\",\"logo\":{\"@type\":\"ImageObject\",\"inLanguage\":\"es-ES\",\"@id\":\"https:\/\/www.rosen.senate.gov\/#\/schema\/logo\/image\/\",\"url\":\"https:\/\/www.rosen.senate.gov\/wp-content\/uploads\/2022\/05\/logo-large.png\",\"contentUrl\":\"https:\/\/www.rosen.senate.gov\/wp-content\/uploads\/2022\/05\/logo-large.png\",\"width\":631,\"height\":287,\"caption\":\"United States Senate\"},\"image\":{\"@id\":\"https:\/\/www.rosen.senate.gov\/#\/schema\/logo\/image\/\"}}]}<\/script>\n<!-- \/ Yoast SEO plugin. -->","yoast_head_json":{"title":"Help with a Federal Agency - Jacky Rosen","robots":{"index":"index","follow":"follow","max-snippet":"max-snippet:-1","max-image-preview":"max-image-preview:large","max-video-preview":"max-video-preview:-1"},"canonical":"https:\/\/www.rosen.senate.gov\/es\/services\/help-with-a-federal-agency\/","og_locale":"es_ES","og_type":"article","og_title":"Help with a Federal Agency - Jacky Rosen","og_description":"One of Senator&nbsp;Rosen\u2019s most important responsibilities as a United States Senator is assisting Nevada residents with navigating federal agencies and identifying federal resources. Senator&nbsp;Rosen&nbsp;can help individuals seeking assistance from the federal government on a variety of matters, including veterans\u2019 benefits, Social Security, and citizenship. If you have a time-sensitive matter, please contact my office for [&hellip;]","og_url":"https:\/\/www.rosen.senate.gov\/es\/services\/help-with-a-federal-agency\/","og_site_name":"Jacky Rosen","article_modified_time":"2026-04-03T17:37:08+00:00","twitter_card":"summary_large_image","twitter_misc":{"Est. reading time":"1 minute"},"schema":{"@context":"https:\/\/schema.org","@graph":[{"@type":"WebPage","@id":"https:\/\/www.rosen.senate.gov\/services\/help-with-a-federal-agency\/","url":"https:\/\/www.rosen.senate.gov\/services\/help-with-a-federal-agency\/","name":"Help with a Federal Agency - Jacky Rosen","isPartOf":{"@id":"https:\/\/www.rosen.senate.gov\/#website"},"datePublished":"2022-06-30T20:20:14+00:00","dateModified":"2026-04-03T17:37:08+00:00","breadcrumb":{"@id":"https:\/\/www.rosen.senate.gov\/services\/help-with-a-federal-agency\/#breadcrumb"},"inLanguage":"es-ES","potentialAction":[{"@type":"ReadAction","target":["https:\/\/www.rosen.senate.gov\/services\/help-with-a-federal-agency\/"]}]},{"@type":"BreadcrumbList","@id":"https:\/\/www.rosen.senate.gov\/services\/help-with-a-federal-agency\/#breadcrumb","itemListElement":[{"@type":"ListItem","position":1,"name":"Home","item":"https:\/\/www.rosen.senate.gov\/"},{"@type":"ListItem","position":2,"name":"Services","item":"https:\/\/www.rosen.senate.gov\/services\/"},{"@type":"ListItem","position":3,"name":"Help with a Federal Agency"}]},{"@type":"WebSite","@id":"https:\/\/www.rosen.senate.gov\/#website","url":"https:\/\/www.rosen.senate.gov\/","name":"Jacky Rosen","description":"Senator for Nevada","publisher":{"@id":"https:\/\/www.rosen.senate.gov\/#organization"},"potentialAction":[{"@type":"SearchAction","target":{"@type":"EntryPoint","urlTemplate":"https:\/\/www.rosen.senate.gov\/?s={search_term_string}"},"query-input":{"@type":"PropertyValueSpecification","valueRequired":true,"valueName":"search_term_string"}}],"inLanguage":"es-ES"},{"@type":"Organization","@id":"https:\/\/www.rosen.senate.gov\/#organization","name":"United States Senate","url":"https:\/\/www.rosen.senate.gov\/","logo":{"@type":"ImageObject","inLanguage":"es-ES","@id":"https:\/\/www.rosen.senate.gov\/#\/schema\/logo\/image\/","url":"https:\/\/www.rosen.senate.gov\/wp-content\/uploads\/2022\/05\/logo-large.png","contentUrl":"https:\/\/www.rosen.senate.gov\/wp-content\/uploads\/2022\/05\/logo-large.png","width":631,"height":287,"caption":"United States Senate"},"image":{"@id":"https:\/\/www.rosen.senate.gov\/#\/schema\/logo\/image\/"}}]}},"_links":{"self":[{"href":"https:\/\/www.rosen.senate.gov\/es\/wp-json\/wp\/v2\/pages\/366","targetHints":{"allow":["GET"]}}],"collection":[{"href":"https:\/\/www.rosen.senate.gov\/es\/wp-json\/wp\/v2\/pages"}],"about":[{"href":"https:\/\/www.rosen.senate.gov\/es\/wp-json\/wp\/v2\/types\/page"}],"author":[{"embeddable":true,"href":"https:\/\/www.rosen.senate.gov\/es\/wp-json\/wp\/v2\/users\/1"}],"replies":[{"embeddable":true,"href":"https:\/\/www.rosen.senate.gov\/es\/wp-json\/wp\/v2\/comments?post=366"}],"version-history":[{"count":62,"href":"https:\/\/www.rosen.senate.gov\/es\/wp-json\/wp\/v2\/pages\/366\/revisions"}],"predecessor-version":[{"id":17275,"href":"https:\/\/www.rosen.senate.gov\/es\/wp-json\/wp\/v2\/pages\/366\/revisions\/17275"}],"up":[{"embeddable":true,"href":"https:\/\/www.rosen.senate.gov\/es\/wp-json\/wp\/v2\/pages\/292"}],"wp:attachment":[{"href":"https:\/\/www.rosen.senate.gov\/es\/wp-json\/wp\/v2\/media?parent=366"}],"curies":[{"name":"wp","href":"https:\/\/api.w.org\/{rel}","templated":true}]}}